{"id":1034,"date":"2016-11-30T17:56:58","date_gmt":"2016-11-30T16:56:58","guid":{"rendered":"https:\/\/www.eschenweg.at\/impressum\/"},"modified":"2018-03-24T09:09:21","modified_gmt":"2018-03-24T08:09:21","slug":"imprint","status":"publish","type":"page","link":"https:\/\/www.eschenweg.at\/en\/imprint\/","title":{"rendered":"impressum"},"content":{"rendered":"<p>[et_pb_section transparent_background=&#8221;off&#8221; allow_player_pause=&#8221;off&#8221; inner_shadow=&#8221;off&#8221; parallax=&#8221;off&#8221; parallax_method=&#8221;on&#8221; custom_padding=&#8221;54px|0px|54px|0px&#8221; padding_mobile=&#8221;off&#8221; make_fullwidth=&#8221;off&#8221; use_custom_width=&#8221;off&#8221; width_unit=&#8221;off&#8221; custom_width_px=&#8221;1080px&#8221; custom_width_percent=&#8221;80%&#8221; make_equal=&#8221;off&#8221; use_custom_gutter=&#8221;off&#8221; fullwidth=&#8221;off&#8221; specialty=&#8221;off&#8221; admin_label=&#8221;section&#8221; disabled=&#8221;off&#8221;][et_pb_row make_fullwidth=&#8221;off&#8221; use_custom_width=&#8221;off&#8221; width_unit=&#8221;off&#8221; custom_width_px=&#8221;1080px&#8221; custom_width_percent=&#8221;80%&#8221; use_custom_gutter=&#8221;off&#8221; gutter_width=&#8221;3&#8243; custom_padding=&#8221;0px|0px|0px|0px&#8221; padding_mobile=&#8221;off&#8221; allow_player_pause=&#8221;off&#8221; parallax=&#8221;off&#8221; parallax_method=&#8221;on&#8221; make_equal=&#8221;off&#8221; column_padding_mobile=&#8221;on&#8221; parallax_1=&#8221;off&#8221; parallax_method_1=&#8221;on&#8221; parallax_2=&#8221;off&#8221; parallax_method_2=&#8221;on&#8221; parallax_3=&#8221;off&#8221; parallax_method_3=&#8221;on&#8221; parallax_4=&#8221;off&#8221; parallax_method_4=&#8221;on&#8221; admin_label=&#8221;row&#8221; disabled=&#8221;off&#8221;][et_pb_column type=&#8221;4_4&#8243; disabled=&#8221;off&#8221; parallax=&#8221;off&#8221; parallax_method=&#8221;on&#8221; column_padding_mobile=&#8221;on&#8221;][et_pb_image src=&#8221;https:\/\/www.eschenweg.at\/wp-content\/uploads\/2016\/11\/EschenwegLogo_700px.png&#8221; show_in_lightbox=&#8221;off&#8221; url=&#8221;www.eschenweg.at&#8221; url_new_window=&#8221;off&#8221; use_overlay=&#8221;off&#8221; animation=&#8221;fade_in&#8221; sticky=&#8221;off&#8221; align=&#8221;center&#8221; max_width=&#8221;600px&#8221; force_fullwidth=&#8221;off&#8221; always_center_on_mobile=&#8221;on&#8221; admin_label=&#8221;Bild&#8221; use_border_color=&#8221;off&#8221; border_color=&#8221;#ffffff&#8221; border_width=&#8221;1px&#8221; border_style=&#8221;solid&#8221; custom_margin=&#8221;|||&#8221; disabled=&#8221;off&#8221;] [\/et_pb_image][\/et_pb_column][\/et_pb_row][et_pb_row make_fullwidth=&#8221;off&#8221; use_custom_width=&#8221;off&#8221; width_unit=&#8221;off&#8221; custom_width_px=&#8221;1080px&#8221; custom_width_percent=&#8221;80%&#8221; use_custom_gutter=&#8221;off&#8221; gutter_width=&#8221;3&#8243; custom_padding=&#8221;0px|0px|27px|0px&#8221; padding_mobile=&#8221;off&#8221; allow_player_pause=&#8221;off&#8221; parallax=&#8221;off&#8221; parallax_method=&#8221;on&#8221; make_equal=&#8221;off&#8221; column_padding_mobile=&#8221;on&#8221; parallax_1=&#8221;off&#8221; parallax_method_1=&#8221;on&#8221; parallax_2=&#8221;off&#8221; parallax_method_2=&#8221;on&#8221; parallax_3=&#8221;off&#8221; parallax_method_3=&#8221;on&#8221; parallax_4=&#8221;off&#8221; parallax_method_4=&#8221;on&#8221; admin_label=&#8221;row&#8221; disabled=&#8221;off&#8221;][et_pb_column type=&#8221;4_4&#8243; disabled=&#8221;off&#8221; parallax=&#8221;off&#8221; parallax_method=&#8221;on&#8221; column_padding_mobile=&#8221;on&#8221;][et_pb_text background_layout=&#8221;light&#8221; text_orientation=&#8221;left&#8221; admin_label=&#8221;Text&#8221; use_border_color=&#8221;off&#8221; border_style=&#8221;solid&#8221; disabled=&#8221;off&#8221;]<\/p>\n<h2>Impressum<\/h2>\n<p><span style=\"font-size: large;\"><b>Informationspflicht lt. \u00a7 5 (1) e-commerce-gesetz<\/b><\/span><\/p>\n<p><strong><span style=\"font-size: large;\">Appartements Eschenweg<\/span><\/strong><br \/>\n<strong><span style=\"font-size: large;\"> Cornelia Fischer<\/span><\/strong><\/p>\n<p><span style=\"font-size: large;\"><a href=\"https:\/\/www.google.at\/maps\/place\/Eschenweg+10,+9546+Staudach\/@46.8329432,13.7601744,17z\/data=!3m1!4b1!4m5!3m4!1s0x477091a1d1447f5d:0x76eb01aace1261b7!8m2!3d46.8329432!4d13.7623631\">Eschenweg 10a<\/a><\/span><br \/>\n<span style=\"font-size: large;\"> 9546\u00a0Bad Kleinkirchheim\/St. Oswald<\/span><br \/>\n<span style=\"font-size: large;\"> \u00d6sterreich<\/span><\/p>\n<p><span style=\"font-size: large;\">Telefon: <a href=\"tel:+436644553370\">+43 664 455 33 70<\/a><\/span><br \/>\n<span style=\"font-size: large;\"> Telefax: +43 463 330 668<\/span><br \/>\n<span style=\"font-size: large;\"> email: <a href=\"mailto:holiday@eschenweg.at\">holiday@eschenweg.at<\/a><\/span><\/p>\n<p><span style=\"font-size: large;\">Ferienwohnungvermietung<\/span><br \/>\n<span style=\"font-size: large;\">Berufsverband: Wirtschaftskammer \u00d6sterreich, Landeskammer K\u00e4rnten<\/span><br \/>\n<span style=\"font-size: large;\">Gewerbeordnung <a href=\"https:\/\/www.ris.bka.gv.at\/GeltendeFassung.wxe?Abfrage=Bundesnormen&amp;Gesetzesnummer=10007517\">www.ris.bka.gv.at<\/a><\/span><br \/>\n<span style=\"font-size: large;\">Berufsaufsichtsbeh\u00f6rde: Bezirkshauptmannschaft Spittal\/Drau<\/span><\/p>\n<p><span style=\"font-size: large;\"><span style=\"font-size: large;\">Umsatzsteueridentifkationsnummer: ATU71178003<\/span><\/span><\/p>\n<p><span style=\"font-size: large;\"><span style=\"font-size: large;\">Gerichtsstand: Klagenfurt am W\u00f6rthersee &#8211; es gilt \u00d6sterreichisches Recht<\/span><br \/>\n<\/span><\/p>\n<p><span style=\"font-size: large;\">Webdesign: Tom Ogris, <\/span><span style=\"font-size: large;\"><a href=\"http:\/\/majortom.at\/\">http:\/\/majortom.at\/<br \/>\n<\/a>Fotos: DI Martin Steinthaler,\u00a0<\/span><a href=\"http:\/\/www.tine.at\/\">http:\/\/www.tine.at\/<\/a>\u00a0&#8211;\u00a0<a href=\"https:\/\/www.flickr.com\/photos\/tine_stone\/albums\">https:\/\/www.flickr.com\/photos\/tine_stone\/albums<\/a><\/p>\n<p>S\u00e4mtliche Rechte vorbehalten. Verwendung von Inhalten, Bildern und Daten ohne schriftliche Zustimmung der Verfasser untersagt.<\/p>\n<h1 style=\"margin-top: 24px; margin-bottom: 12px; font-family: Roboto, Arial, sans-serif; line-height: 1.5; color: #000000; background-color: #ffffff;\"><strong><span style=\"font-size: large;\">Datenschutzerkl\u00e4rung<\/span><\/strong><\/h1>\n<p style=\"margin-bottom: 10px; color: #333333; font-family: Roboto, Arial, sans-serif; font-size: 17px; background-color: #ffffff;\">Die Betreiber dieser Seiten nehmen den Schutz Ihrer pers\u00f6nlichen Daten sehr ernst. Wir behandeln Ihre personenbezogenen Daten vertraulich und entsprechend der gesetzlichen Datenschutzvorschriften sowie dieser Datenschutzerkl\u00e4rung.Die Nutzung unserer Webseite ist in der Regel ohne Angabe personenbezogener Daten m\u00f6glich. Soweit auf unseren Seiten personenbezogene Daten (beispielsweise Name, Anschrift oder E-Mail-Adressen) erhoben werden, erfolgt dies, soweit m\u00f6glich, stets auf freiwilliger Basis. Diese Daten werden ohne Ihre ausdr\u00fcckliche Zustimmung nicht an Dritte weitergegeben.Wir weisen darauf hin, dass die Daten\u00fcbertragung im Internet (z.B. bei der Kommunikation per E-Mail) Sicherheitsl\u00fccken aufweisen kann. Ein l\u00fcckenloser Schutz der Daten vor dem Zugriff durch Dritte ist nicht m\u00f6glich.<\/p>\n<h2 style=\"font-family: Roboto, Arial, sans-serif; line-height: 1.5; color: #333333; margin-top: 40px; margin-bottom: 20px; font-size: 25px; background-color: #ffffff;\"><span style=\"font-size: large;\">Datenschutzerkl\u00e4rung f\u00fcr die Nutzung von<strong> Facebook-Plugins<\/strong> (Like-Button)<\/span><\/h2>\n<p style=\"margin-bottom: 10px; padding-bottom: 0px; color: #333333; font-family: Roboto, Arial, sans-serif; font-size: 17px; background-color: #ffffff;\">Auf unseren Seiten sind Plugins des sozialen Netzwerks Facebook, Anbieter Facebook Inc., 1 Hacker Way, Menlo Park, California 94025, USA, integriert. Die Facebook-Plugins erkennen Sie an dem Facebook-Logo oder dem &#8220;Like-Button&#8221; (&#8220;Gef\u00e4llt mir&#8221;) auf unserer Seite. Eine \u00fcbersicht \u00fcber die Facebook-Plugins finden Sie hier:\u00a0<a style=\"color: #0971b2; text-decoration: underline;\" href=\"http:\/\/developers.facebook.com\/docs\/plugins\/\">http:\/\/developers.facebook.com\/docs\/plugins\/<\/a>.<\/p>\n<p style=\"margin-bottom: 10px; padding-bottom: 0px; color: #333333; font-family: Roboto, Arial, sans-serif; font-size: 17px; background-color: #ffffff;\">Wenn Sie unsere Seiten besuchen, wird \u00fcber das Plugin eine direkte Verbindung zwischen Ihrem Browser und dem Facebook-Server hergestellt. Facebook erh\u00e4lt dadurch die Information, dass Sie mit Ihrer IP-Adresse unsere Seite besucht haben. Wenn Sie den Facebook &#8220;Like-Button&#8221; anklicken w\u00e4hrend Sie in Ihrem Facebook-Account eingeloggt sind, k\u00f6nnen Sie die Inhalte unserer Seiten auf Ihrem Facebook-Profil verlinken. Dadurch kann Facebook den Besuch unserer Seiten Ihrem Benutzerkonto zuordnen. Wir weisen darauf hin, dass wir als Anbieter der Seiten keine Kenntnis vom Inhalt der \u00fcbermittelten Daten sowie deren Nutzung durch Facebook erhalten. Weitere Informationen hierzu finden Sie in der Datenschutzerkl\u00e4rung von Facebook unter\u00a0<a style=\"color: #0971b2; text-decoration: underline;\" href=\"http:\/\/de-de.facebook.com\/policy.php\">http:\/\/de-de.facebook.com\/policy.php<\/a>.<\/p>\n<p style=\"margin-bottom: 10px; padding-bottom: 0px; color: #333333; font-family: Roboto, Arial, sans-serif; font-size: 17px; background-color: #ffffff;\">Wenn Sie nicht w\u00fcnschen, dass Facebook den Besuch unserer Seiten Ihrem Facebook-Nutzerkonto zuordnen kann, loggen Sie sich bitte aus Ihrem Facebook-Benutzerkonto aus.<\/p>\n<h2 style=\"font-family: Roboto, Arial, sans-serif; line-height: 1.5; color: #333333; margin-top: 40px; margin-bottom: 20px; font-size: 25px; background-color: #ffffff;\"><span style=\"font-size: large;\">Datenschutzerkl\u00e4rung f\u00fcr die Nutzung von <strong>Google Analytics<\/strong><\/span><\/h2>\n<p style=\"margin-bottom: 10px; padding-bottom: 0px; color: #333333; font-family: Roboto, Arial, sans-serif; font-size: 17px; background-color: #ffffff;\">Diese Website nutzt Funktionen des Webanalysedienstes Google Analytics. Anbieter ist die Google Inc., 1600 Amphitheatre Parkway Mountain View, CA 94043, USA.<\/p>\n<p style=\"margin-bottom: 10px; padding-bottom: 0px; color: #333333; font-family: Roboto, Arial, sans-serif; font-size: 17px; background-color: #ffffff;\">Google Analytics verwendet sog. &#8220;Cookies&#8221;. Das sind Textdateien, die auf Ihrem Computer gespeichert werden und die eine Analyse der Benutzung der Website durch Sie erm\u00f6glichen. Die durch den Cookie erzeugten Informationen \u00fcber Ihre Benutzung dieser Website werden in der Regel an einen Server von Google in den USA \u00fcbertragen und dort gespeichert.<\/p>\n<p style=\"margin-bottom: 10px; padding-bottom: 0px; color: #333333; font-family: Roboto, Arial, sans-serif; font-size: 17px; background-color: #ffffff;\">Mehr Informationen zum Umgang mit Nutzerdaten bei Google Analytics finden Sie in der Datenschutzerkl\u00e4rung von Google:\u00a0<a style=\"color: #0971b2; text-decoration: underline;\" href=\"https:\/\/support.google.com\/analytics\/answer\/6004245?hl=de\">https:\/\/support.google.com\/analytics\/answer\/6004245?hl=de<\/a><\/p>\n<p style=\"margin-bottom: 10px; padding-bottom: 0px; color: #333333; font-family: Roboto, Arial, sans-serif; font-size: 17px; background-color: #ffffff;\"><em>\u00a0 \u00a0 \u00a0Browser Plugin<\/em><\/p>\n<p style=\"margin-bottom: 10px; padding-bottom: 0px; color: #333333; font-family: Roboto, Arial, sans-serif; font-size: 17px; background-color: #ffffff;\">Sie k\u00f6nnen die Speicherung der Cookies durch eine entsprechende Einstellung Ihrer Browser-Software verhindern; wir weisen Sie jedoch darauf hin, dass Sie in diesem Fall gegebenenfalls nicht s\u00e4mtliche Funktionen dieser Website vollumf\u00e4nglich werden nutzen k\u00f6nnen. Sie k\u00f6nnen dar\u00fcber hinaus die Erfassung der durch das Cookie erzeugten und auf Ihre Nutzung der Website bezogenen Daten (inkl. Ihrer IP-Adresse) an Google sowie die Verarbeitung dieser Daten durch Google verhindern, indem sie das unter dem folgenden Link verf\u00fcgbare Browser-Plugin herunterladen und installieren:\u00a0<a style=\"color: #0971b2; text-decoration: underline;\" href=\"https:\/\/tools.google.com\/dlpage\/gaoptout?hl=de\">https:\/\/tools.google.com\/dlpage\/gaoptout?hl=de<\/a><\/p>\n<p style=\"margin-bottom: 10px; padding-bottom: 0px; color: #333333; font-family: Roboto, Arial, sans-serif; font-size: 17px; background-color: #ffffff;\"><em>\u00a0 \u00a0 Widerspruch gegen Datenerfassung<\/em><\/p>\n<p style=\"margin-bottom: 10px; color: #333333; font-family: Roboto, Arial, sans-serif; font-size: 17px; background-color: #ffffff;\">Sie k\u00f6nnen die Erfassung Ihrer Daten durch Google Analytics verhindern, indem Sie auf folgenden Link klicken. Es wird ein Opt-Out-Cookie gesetzt, dass das Erfassung Ihrer Daten bei zuk\u00fcnftigen Besuchen dieser Website verhindert:\u00a0<a style=\"color: #0971b2; text-decoration: underline;\">Google Analytics deaktivieren<\/a><\/p>\n<h2 style=\"font-family: Roboto, Arial, sans-serif; line-height: 1.5; color: #333333; margin-top: 40px; margin-bottom: 20px; font-size: 25px; background-color: #ffffff;\"><strong><span style=\"font-size: large;\">Kontaktformular<\/span><\/strong><\/h2>\n<p style=\"margin-bottom: 10px; padding-bottom: 0px; color: #333333; font-family: Roboto, Arial, sans-serif; font-size: 17px; background-color: #ffffff;\">Wenn Sie uns per Kontaktformular Anfragen zukommen lassen, werden Ihre Angaben aus dem Anfrageformular inklusive der von Ihnen dort angegebenen Kontaktdaten zwecks Bearbeitung der Anfrage und f\u00fcr den Fall von Anschlussfragen bei uns gespeichert. Diese Daten geben wir nicht ohne Ihre Einwilligung weiter.<\/p>\n<h2 style=\"font-family: Roboto, Arial, sans-serif; line-height: 1.5; color: #333333; margin-top: 40px; margin-bottom: 20px; font-size: 25px; background-color: #ffffff;\"><strong><span style=\"font-size: large;\">Widerspruch Werbe-Mails<\/span><\/strong><\/h2>\n<p style=\"margin-bottom: 10px; padding-bottom: 0px; color: #333333; font-family: Roboto, Arial, sans-serif; font-size: 17px; background-color: #ffffff;\">Der Nutzung von im Rahmen der Impressumspflicht ver\u00f6ffentlichten Kontaktdaten zur \u00fcbersendung von nicht ausdr\u00fccklich angeforderter Werbung und Informationsmaterialien wird hiermit widersprochen. Die Betreiber der Seiten behalten sich ausdr\u00fccklich rechtliche Schritte im Falle der unverlangten Zusendung von Werbeinformationen, etwa durch Spam-E-Mails, vor.<\/p>\n<h2 style=\"font-family: Roboto, Arial, sans-serif; line-height: 1.5; color: #333333; margin-top: 40px; margin-bottom: 20px; font-size: 25px; background-color: #ffffff;\"><strong><span style=\"font-size: large;\">Newsletterdaten<\/span><\/strong><\/h2>\n<p style=\"margin-bottom: 10px; padding-bottom: 0px; color: #333333; font-family: Roboto, Arial, sans-serif; font-size: 17px; background-color: #ffffff;\">Wenn Sie den auf der Webseite angebotenen Newsletter beziehen m\u00f6chten, ben\u00f6tigen wir von Ihnen eine E-Mail-Adresse sowie Informationen, welche uns die \u00fcberpr\u00fcfung gestatten, dass Sie der Inhaber der angegebenen E-Mail-Adresse sind und mit dem Empfang des Newsletters einverstanden sind. Weitere Daten werden nicht erhoben. Diese Daten verwenden wir ausschlie\u00dflich f\u00fcr den Versand der angeforderten Informationen und geben sie nicht an Dritte weiter.<\/p>\n<p style=\"margin-bottom: 10px; padding-bottom: 0px; color: #333333; font-family: Roboto, Arial, sans-serif; font-size: 17px; background-color: #ffffff;\">Die erteilte Einwilligung zur Speicherung der Daten, der E-Mail-Adresse sowie deren Nutzung zum Versand des Newsletters k\u00f6nnen Sie jederzeit widerrufen , etwa \u00fcber den \u201eAustragen\u201c-Link im Newsletter.<\/p>\n<p>[\/et_pb_text][\/et_pb_column][\/et_pb_row][\/et_pb_section]<\/p>\n","protected":false},"excerpt":{"rendered":"<p>Impressum Informationspflicht lt. \u00a7 5 (1) e-commerce-gesetz Appartements Eschenweg Cornelia Fischer Eschenweg 10a 9546\u00a0Bad Kleinkirchheim\/St. Oswald \u00d6sterreich Telefon: +43 664 455 33 70 Telefax: +43 463 330 668 email: holiday@eschenweg.at Ferienwohnungvermietung Berufsverband: Wirtschaftskammer \u00d6sterreich, Landeskammer K\u00e4rnten Gewerbeordnung www.ris.bka.gv.at Berufsaufsichtsbeh\u00f6rde: Bezirkshauptmannschaft Spittal\/Drau Umsatzsteueridentifkationsnummer: ATU71178003 Gerichtsstand: Klagenfurt am W\u00f6rthersee &#8211; es gilt \u00d6sterreichisches Recht Webdesign: Tom Ogris, [&hellip;]<\/p>\n","protected":false},"author":3,"featured_media":0,"parent":0,"menu_order":0,"comment_status":"closed","ping_status":"closed","template":"","meta":{"_et_pb_use_builder":"on","_et_pb_old_content":"<h2>Impressum<\/h2>\r\nAppartements Eschenweg\r\nCornelia Fischer\r\n\r\nEschenweg 10a\r\n9546\r\nBad Kleinkirchheim\/St. Oswald\r\n\u00d6sterreich\r\n\r\n+43 664 4553370\r\n+43 463 330 668\r\nholiday@eschenweg.at\r\n\r\nFerienwohnungvermietung\r\nATU999999\r\nWirtschaftskammer \u00d6sterreich\r\nGewerbeordnung www.ris.bka.gv.at\r\nBezirkshauptmannschaft Spittal\/Drau","_et_gb_content_width":"","footnotes":""},"class_list":["post-1034","page","type-page","status-publish","hentry"],"_links":{"self":[{"href":"https:\/\/www.eschenweg.at\/en\/wp-json\/wp\/v2\/pages\/1034","targetHints":{"allow":["GET"]}}],"collection":[{"href":"https:\/\/www.eschenweg.at\/en\/wp-json\/wp\/v2\/pages"}],"about":[{"href":"https:\/\/www.eschenweg.at\/en\/wp-json\/wp\/v2\/types\/page"}],"author":[{"embeddable":true,"href":"https:\/\/www.eschenweg.at\/en\/wp-json\/wp\/v2\/users\/3"}],"replies":[{"embeddable":true,"href":"https:\/\/www.eschenweg.at\/en\/wp-json\/wp\/v2\/comments?post=1034"}],"version-history":[{"count":1,"href":"https:\/\/www.eschenweg.at\/en\/wp-json\/wp\/v2\/pages\/1034\/revisions"}],"predecessor-version":[{"id":1035,"href":"https:\/\/www.eschenweg.at\/en\/wp-json\/wp\/v2\/pages\/1034\/revisions\/1035"}],"wp:attachment":[{"href":"https:\/\/www.eschenweg.at\/en\/wp-json\/wp\/v2\/media?parent=1034"}],"curies":[{"name":"wp","href":"https:\/\/api.w.org\/{rel}","templated":true}]}}